{"id":192,"date":"2009-09-10T17:20:11","date_gmt":"2009-09-10T15:20:11","guid":{"rendered":"http:\/\/hudinstitutet.com\/?page_id=192"},"modified":"2026-02-28T13:21:04","modified_gmt":"2026-02-28T12:21:04","slug":"behandlingar","status":"publish","type":"page","link":"https:\/\/hudinstitutet.com\/?page_id=192","title":{"rendered":"Behandlingar"},"content":{"rendered":"<p><!--themify_builder_static--><p><a href=\"https:\/\/hudinstitutet.com\/wp-content\/upLoads\/Bas-ansiktsbehandlingar-Hudinstitutet.jpg\"><img loading=\"lazy\" decoding=\"async\" src=\"https:\/\/hudinstitutet.com\/wp-content\/upLoads\/Bas-ansiktsbehandlingar-Hudinstitutet-819x1024.jpg\" alt=\"\" width=\"819\" height=\"1024\" srcset=\"https:\/\/hudinstitutet.com\/wp-content\/upLoads\/Bas-ansiktsbehandlingar-Hudinstitutet-819x1024.jpg 819w, https:\/\/hudinstitutet.com\/wp-content\/upLoads\/Bas-ansiktsbehandlingar-Hudinstitutet-240x300.jpg 240w, https:\/\/hudinstitutet.com\/wp-content\/upLoads\/Bas-ansiktsbehandlingar-Hudinstitutet-768x960.jpg 768w, https:\/\/hudinstitutet.com\/wp-content\/upLoads\/Bas-ansiktsbehandlingar-Hudinstitutet-600x750.jpg 600w, https:\/\/hudinstitutet.com\/wp-content\/upLoads\/Bas-ansiktsbehandlingar-Hudinstitutet.jpg 1080w\" sizes=\"auto, (max-width: 819px) 100vw, 819px\" \/><\/a><a href=\"https:\/\/hudinstitutet.com\/wp-content\/upLoads\/resultatbehandling.jpeg\"><img loading=\"lazy\" decoding=\"async\" src=\"https:\/\/hudinstitutet.com\/wp-content\/upLoads\/resultatbehandling-724x1024.jpeg\" alt=\"\" width=\"724\" height=\"1024\" srcset=\"https:\/\/hudinstitutet.com\/wp-content\/upLoads\/resultatbehandling-724x1024.jpeg 724w, https:\/\/hudinstitutet.com\/wp-content\/upLoads\/resultatbehandling-212x300.jpeg 212w, https:\/\/hudinstitutet.com\/wp-content\/upLoads\/resultatbehandling-768x1086.jpeg 768w, https:\/\/hudinstitutet.com\/wp-content\/upLoads\/resultatbehandling-1086x1536.jpeg 1086w, https:\/\/hudinstitutet.com\/wp-content\/upLoads\/resultatbehandling-600x849.jpeg 600w, https:\/\/hudinstitutet.com\/wp-content\/upLoads\/resultatbehandling.jpeg 1414w\" sizes=\"auto, (max-width: 724px) 100vw, 724px\" \/><\/a><\/p> <p><a href=\"https:\/\/hudinstitutet.com\/wp-content\/upLoads\/resultatbehandling-1.jpeg\"><img loading=\"lazy\" decoding=\"async\" src=\"https:\/\/hudinstitutet.com\/wp-content\/upLoads\/resultatbehandling-1-724x1024.jpeg\" alt=\"\" width=\"724\" height=\"1024\" srcset=\"https:\/\/hudinstitutet.com\/wp-content\/upLoads\/resultatbehandling-1-724x1024.jpeg 724w, https:\/\/hudinstitutet.com\/wp-content\/upLoads\/resultatbehandling-1-212x300.jpeg 212w, https:\/\/hudinstitutet.com\/wp-content\/upLoads\/resultatbehandling-1-768x1086.jpeg 768w, https:\/\/hudinstitutet.com\/wp-content\/upLoads\/resultatbehandling-1-1086x1536.jpeg 1086w, https:\/\/hudinstitutet.com\/wp-content\/upLoads\/resultatbehandling-1-600x849.jpeg 600w, https:\/\/hudinstitutet.com\/wp-content\/upLoads\/resultatbehandling-1.jpeg 1414w\" sizes=\"auto, (max-width: 724px) 100vw, 724px\" \/><\/a><\/p> <p><img loading=\"lazy\" decoding=\"async\" src=\"https:\/\/hudinstitutet.com\/wp-content\/upLoads\/Vax-oron--724x1024.jpg\" alt=\"\" width=\"724\" height=\"1024\" srcset=\"https:\/\/hudinstitutet.com\/wp-content\/upLoads\/Vax-oron--724x1024.jpg 724w, https:\/\/hudinstitutet.com\/wp-content\/upLoads\/Vax-oron--212x300.jpg 212w, https:\/\/hudinstitutet.com\/wp-content\/upLoads\/Vax-oron--768x1086.jpg 768w, https:\/\/hudinstitutet.com\/wp-content\/upLoads\/Vax-oron--1086x1536.jpg 1086w, https:\/\/hudinstitutet.com\/wp-content\/upLoads\/Vax-oron--600x849.jpg 600w, https:\/\/hudinstitutet.com\/wp-content\/upLoads\/Vax-oron-.jpg 1414w\" sizes=\"auto, (max-width: 724px) 100vw, 724px\" \/><\/p> <p><img loading=\"lazy\" decoding=\"async\" src=\"https:\/\/hudinstitutet.com\/wp-content\/upLoads\/Friskva_rds-behandlingar-hudinstitutet-724x1024.jpg\" alt=\"\" width=\"724\" height=\"1024\" srcset=\"https:\/\/hudinstitutet.com\/wp-content\/upLoads\/Friskva_rds-behandlingar-hudinstitutet-724x1024.jpg 724w, https:\/\/hudinstitutet.com\/wp-content\/upLoads\/Friskva_rds-behandlingar-hudinstitutet-212x300.jpg 212w, https:\/\/hudinstitutet.com\/wp-content\/upLoads\/Friskva_rds-behandlingar-hudinstitutet-768x1086.jpg 768w, https:\/\/hudinstitutet.com\/wp-content\/upLoads\/Friskva_rds-behandlingar-hudinstitutet-1086x1536.jpg 1086w, https:\/\/hudinstitutet.com\/wp-content\/upLoads\/Friskva_rds-behandlingar-hudinstitutet-600x849.jpg 600w, https:\/\/hudinstitutet.com\/wp-content\/upLoads\/Friskva_rds-behandlingar-hudinstitutet.jpg 1414w\" sizes=\"auto, (max-width: 724px) 100vw, 724px\" \/><\/p> <p><a href=\"https:\/\/hudinstitutet.com\/wp-content\/upLoads\/hudvard_malmo.jpg\"><img loading=\"lazy\" decoding=\"async\" src=\"https:\/\/hudinstitutet.com\/wp-content\/upLoads\/hudvard_malmo-724x1024.jpg\" alt=\"\" width=\"724\" height=\"1024\" srcset=\"https:\/\/hudinstitutet.com\/wp-content\/upLoads\/hudvard_malmo-724x1024.jpg 724w, https:\/\/hudinstitutet.com\/wp-content\/upLoads\/hudvard_malmo-212x300.jpg 212w, https:\/\/hudinstitutet.com\/wp-content\/upLoads\/hudvard_malmo-768x1086.jpg 768w, https:\/\/hudinstitutet.com\/wp-content\/upLoads\/hudvard_malmo-1086x1536.jpg 1086w, https:\/\/hudinstitutet.com\/wp-content\/upLoads\/hudvard_malmo-600x849.jpg 600w, https:\/\/hudinstitutet.com\/wp-content\/upLoads\/hudvard_malmo.jpg 1414w\" sizes=\"auto, (max-width: 724px) 100vw, 724px\" \/><\/a><\/p>\n<p style=\"text-align: left;\"><strong>V\u00e4lkommen till v\u00e5r tidsbokning online!<\/strong><br \/>Sv\u00e5rt att hitta en tid som passar eller vill komma fler \u00e4n en samtidigt?<br \/>Alla v\u00e5ra behandlingar ligger inte tillg\u00e4ngliga och vi p\u00e5 plats har st\u00f6rre m\u00f6jlighet att ge dig din \u00f6nskade tid.<\/p>\n<p style=\"text-align: left;\"><strong>Salong Limhamn<\/strong><br>J\u00e4rnv\u00e4gsgatan 25<br>Tel. 040-36 74 54<\/p>\n<p style=\"text-align: left;\"><strong>Salong City<\/strong><br \/>Stora Nygatan 30<br \/>Tel. 040-24 04 54<\/p>\n<a href=\"https:\/\/bokadirekt.se\/portal\/hudinstitutet-malm\u00f6-city\/405\" rel=\"noopener\" target=\"_blank\"> <img decoding=\"async\" src=\"https:\/\/hudinstitutet.com\/wp-content\/upLoads\/294414595_758886458684621_3818880259922238304_n.jpg\" title=\"294414595_758886458684621_3818880259922238304_n\" alt=\"294414595_758886458684621_3818880259922238304_n\"> <\/a><!--\/themify_builder_static--><\/p>\n\n","protected":false},"excerpt":{"rendered":"<p>V\u00e4lkommen till v\u00e5r tidsbokning online!Sv\u00e5rt att hitta en tid som passar eller vill komma fler \u00e4n en samtidigt?Alla v\u00e5ra behandlingar ligger inte tillg\u00e4ngliga och vi p\u00e5 plats har st\u00f6rre m\u00f6jlighet att ge dig din \u00f6nskade tid. Salong LimhamnJ\u00e4rnv\u00e4gsgatan 25Tel. 040-36 74 54 Salong CityStora Nygatan 30Tel. 040-24 04 54<\/p>\n","protected":false},"author":1,"featured_media":0,"parent":0,"menu_order":5,"comment_status":"closed","ping_status":"open","template":"","meta":{"footnotes":"","_links_to":"","_links_to_target":""},"class_list":["post-192","page","type-page","status-publish","hentry","has-post-title","has-post-date","has-post-category","has-post-tag","has-post-comment","has-post-author",""],"_links":{"self":[{"href":"https:\/\/hudinstitutet.com\/index.php?rest_route=\/wp\/v2\/pages\/192","targetHints":{"allow":["GET"]}}],"collection":[{"href":"https:\/\/hudinstitutet.com\/index.php?rest_route=\/wp\/v2\/pages"}],"about":[{"href":"https:\/\/hudinstitutet.com\/index.php?rest_route=\/wp\/v2\/types\/page"}],"author":[{"embeddable":true,"href":"https:\/\/hudinstitutet.com\/index.php?rest_route=\/wp\/v2\/users\/1"}],"replies":[{"embeddable":true,"href":"https:\/\/hudinstitutet.com\/index.php?rest_route=%2Fwp%2Fv2%2Fcomments&post=192"}],"version-history":[{"count":70,"href":"https:\/\/hudinstitutet.com\/index.php?rest_route=\/wp\/v2\/pages\/192\/revisions"}],"predecessor-version":[{"id":7816,"href":"https:\/\/hudinstitutet.com\/index.php?rest_route=\/wp\/v2\/pages\/192\/revisions\/7816"}],"wp:attachment":[{"href":"https:\/\/hudinstitutet.com\/index.php?rest_route=%2Fwp%2Fv2%2Fmedia&parent=192"}],"curies":[{"name":"wp","href":"https:\/\/api.w.org\/{rel}","templated":true}]}}