{"id":217,"date":"2009-09-10T18:48:44","date_gmt":"2009-09-10T16:48:44","guid":{"rendered":"http:\/\/hudinstitutet.com\/?page_id=217"},"modified":"2025-09-01T16:53:34","modified_gmt":"2025-09-01T14:53:34","slug":"fransar-och-bryn","status":"publish","type":"page","link":"https:\/\/hudinstitutet.com\/?page_id=217","title":{"rendered":"Fransar, bryn &#038; Makeup"},"content":{"rendered":"<h4 style=\"text-align: left;\">Fransar, bryn &amp; Makeup<\/h4>\n<div class=\"mceTemp\"><\/div>\n<figure id=\"attachment_5671\" aria-describedby=\"caption-attachment-5671\" style=\"width: 300px\" class=\"wp-caption alignnone\"><a style=\"color: #ffffff;\" href=\"https:\/\/hudinstitutet.com\/wp-content\/upLoads\/fransar_och_brynfarg-scaled.jpg\"><img loading=\"lazy\" decoding=\"async\" class=\"size-medium wp-image-5671\" src=\"https:\/\/hudinstitutet.com\/wp-content\/upLoads\/fransar_och_brynfarg-300x196.jpg\" alt=\"\" width=\"300\" height=\"196\" srcset=\"https:\/\/hudinstitutet.com\/wp-content\/upLoads\/fransar_och_brynfarg-300x196.jpg 300w, https:\/\/hudinstitutet.com\/wp-content\/upLoads\/fransar_och_brynfarg-1024x668.jpg 1024w, https:\/\/hudinstitutet.com\/wp-content\/upLoads\/fransar_och_brynfarg-768x501.jpg 768w, https:\/\/hudinstitutet.com\/wp-content\/upLoads\/fransar_och_brynfarg-1536x1002.jpg 1536w, https:\/\/hudinstitutet.com\/wp-content\/upLoads\/fransar_och_brynfarg-2048x1336.jpg 2048w, https:\/\/hudinstitutet.com\/wp-content\/upLoads\/fransar_och_brynfarg-250x163.jpg 250w, https:\/\/hudinstitutet.com\/wp-content\/upLoads\/fransar_och_brynfarg-600x391.jpg 600w\" sizes=\"auto, (max-width: 300px) 100vw, 300px\" \/><\/a><figcaption id=\"caption-attachment-5671\" class=\"wp-caption-text\"><span style=\"color: #ffffff;\">Woman&#8217;s Eye<\/span><\/figcaption><\/figure>\n<p style=\"text-align: left;\"><strong>Brynplock eller vax 15 min 225 :-<\/strong><\/p>\n<p style=\"text-align: left;\"><strong>F\u00e4rgning och plockning av bryn 15 min 250 :-<\/strong><\/p>\n<p style=\"text-align: left;\"><strong>F\u00e4rgning av fransar inkl. brynplock 30 min 340 :-<\/strong><\/p>\n<p style=\"text-align: left;\"><strong>F\u00e4rgning av fransar och bryn inkl. plock 30 min 360 :-<\/strong><\/p>\n<p style=\"text-align: left;\">15 \u00a0% \u00a0rabatt \u00a0i \u00a0samband \u00a0med \u00a0ansiktsbehandling.<\/p>\n<p><strong>Brow Lift 60 min 795:-<br \/>\n<\/strong>Inkluderar f\u00e4rgning, g\u00f6r brynen fylligare och h\u00e5ller dem p\u00e5 plats.<\/p>\n<p><strong>Lash Lift 60 min 795:-<br \/>\n<\/strong>inkluderar f\u00e4rgning, g\u00f6r fransen fylligare och formar.<\/p>\n<p><strong>Vardags make-up\u00a0 30 min 395 :-<\/strong><\/p>\n<p><strong>Fest make-up 60 min 600 :-<\/strong><\/p>\n<p><strong>Brud make-up 75 min 950:-<\/strong><\/p>\n<p><strong>\u00ad<\/strong><\/p>\n<h4><span style=\"color: #000000;\">\u00a0<\/span><\/h4>\n","protected":false},"excerpt":{"rendered":"<p>Fransar, bryn &amp; Makeup Brynplock eller vax 15 min 225 :- F\u00e4rgning och plockning av bryn 15 min 250 :- F\u00e4rgning av fransar inkl. brynplock 30 min 340 :- F\u00e4rgning av fransar och bryn inkl. plock 30 min 360 :- 15 \u00a0% \u00a0rabatt \u00a0i \u00a0samband \u00a0med \u00a0ansiktsbehandling. Brow Lift 60 min 795:- Inkluderar f\u00e4rgning, g\u00f6r [&hellip;]<\/p>\n","protected":false},"author":1,"featured_media":0,"parent":192,"menu_order":5,"comment_status":"closed","ping_status":"open","template":"","meta":{"footnotes":"","_links_to":"","_links_to_target":""},"class_list":["post-217","page","type-page","status-publish","hentry","has-post-title","has-post-date","has-post-category","has-post-tag","has-post-comment","has-post-author",""],"_links":{"self":[{"href":"https:\/\/hudinstitutet.com\/index.php?rest_route=\/wp\/v2\/pages\/217","targetHints":{"allow":["GET"]}}],"collection":[{"href":"https:\/\/hudinstitutet.com\/index.php?rest_route=\/wp\/v2\/pages"}],"about":[{"href":"https:\/\/hudinstitutet.com\/index.php?rest_route=\/wp\/v2\/types\/page"}],"author":[{"embeddable":true,"href":"https:\/\/hudinstitutet.com\/index.php?rest_route=\/wp\/v2\/users\/1"}],"replies":[{"embeddable":true,"href":"https:\/\/hudinstitutet.com\/index.php?rest_route=%2Fwp%2Fv2%2Fcomments&post=217"}],"version-history":[{"count":11,"href":"https:\/\/hudinstitutet.com\/index.php?rest_route=\/wp\/v2\/pages\/217\/revisions"}],"predecessor-version":[{"id":7255,"href":"https:\/\/hudinstitutet.com\/index.php?rest_route=\/wp\/v2\/pages\/217\/revisions\/7255"}],"up":[{"embeddable":true,"href":"https:\/\/hudinstitutet.com\/index.php?rest_route=\/wp\/v2\/pages\/192"}],"wp:attachment":[{"href":"https:\/\/hudinstitutet.com\/index.php?rest_route=%2Fwp%2Fv2%2Fmedia&parent=217"}],"curies":[{"name":"wp","href":"https:\/\/api.w.org\/{rel}","templated":true}]}}