{"id":4284,"date":"2018-05-17T16:19:20","date_gmt":"2018-05-17T14:19:20","guid":{"rendered":"http:\/\/hudinstitutet.com\/?page_id=4284"},"modified":"2025-10-14T10:19:43","modified_gmt":"2025-10-14T08:19:43","slug":"gdpr-policy","status":"publish","type":"page","link":"https:\/\/hudinstitutet.com\/?page_id=4284","title":{"rendered":"GDPR Policy"},"content":{"rendered":"<p>Den 25 maj 2018 tr\u00e4der nya dataskyddsf\u00f6rordningen i kraft.<\/p>\n<p>F\u00f6r att kunna erbjuda er v\u00e5r tj\u00e4nst kan era personuppgifter komma att behandlas. Vi v\u00e4rnar om er integritet och samlar ej in andra uppgifter \u00e4n vi beh\u00f6ver. Uppgifter s\u00e4ljs ej vidare till tredje part.<\/p>\n<p>V\u00e5r hemsida samt v\u00e5ra sociala n\u00e4tverkssidor anv\u00e4nder statistikverktyg och f\u00f6ljande information kan d\u00e5 komma att uppsamlas omfattande: IP-adress, webbl\u00e4sarinst\u00e4llningar, tidszon, geografisk information, operativsystem, spr\u00e5kinst\u00e4llningar, plattform samt sk\u00e4rmuppl\u00f6sning.<\/p>\n<p>Ni kan sj\u00e4lva avb\u00f6ja denna typ av lagring genom att avaktivera Cookie tracing i er webbl\u00e4sare.<\/p>\n<p>Om ni v\u00e4ljer att kontakta oss f\u00f6r k\u00f6p, information eller best\u00e4llning kan ert namn, telefonnummer och andra person samt betaluppgifter komma att registreras och lagras.<\/p>\n<p>L\u00e4s igenom v\u00e5r dataskyddspolicy innan ni g\u00e5r vidare med v\u00e5r tj\u00e4nst eller utf\u00f6r en best\u00e4llning. Har ni fr\u00e5gor om v\u00e5r dataskyddspolicy kan ni kontakta oss p\u00e5 e-post via v\u00e5r kontaktsida.<\/p>\n<p><!--themify_builder_static--><!--\/themify_builder_static--><\/p>\n","protected":false},"excerpt":{"rendered":"<p>Den 25 maj 2018 tr\u00e4der nya dataskyddsf\u00f6rordningen i kraft. F\u00f6r att kunna erbjuda er v\u00e5r tj\u00e4nst kan era personuppgifter komma att behandlas. Vi v\u00e4rnar om er integritet och samlar ej in andra uppgifter \u00e4n vi beh\u00f6ver. Uppgifter s\u00e4ljs ej vidare till tredje part. V\u00e5r hemsida samt v\u00e5ra sociala n\u00e4tverkssidor anv\u00e4nder statistikverktyg och f\u00f6ljande information kan [&hellip;]<\/p>\n","protected":false},"author":1,"featured_media":0,"parent":0,"menu_order":0,"comment_status":"closed","ping_status":"closed","template":"","meta":{"footnotes":"","_links_to":"","_links_to_target":""},"class_list":["post-4284","page","type-page","status-publish","hentry","has-post-title","has-post-date","has-post-category","has-post-tag","has-post-comment","has-post-author",""],"_links":{"self":[{"href":"https:\/\/hudinstitutet.com\/index.php?rest_route=\/wp\/v2\/pages\/4284","targetHints":{"allow":["GET"]}}],"collection":[{"href":"https:\/\/hudinstitutet.com\/index.php?rest_route=\/wp\/v2\/pages"}],"about":[{"href":"https:\/\/hudinstitutet.com\/index.php?rest_route=\/wp\/v2\/types\/page"}],"author":[{"embeddable":true,"href":"https:\/\/hudinstitutet.com\/index.php?rest_route=\/wp\/v2\/users\/1"}],"replies":[{"embeddable":true,"href":"https:\/\/hudinstitutet.com\/index.php?rest_route=%2Fwp%2Fv2%2Fcomments&post=4284"}],"version-history":[{"count":3,"href":"https:\/\/hudinstitutet.com\/index.php?rest_route=\/wp\/v2\/pages\/4284\/revisions"}],"predecessor-version":[{"id":7554,"href":"https:\/\/hudinstitutet.com\/index.php?rest_route=\/wp\/v2\/pages\/4284\/revisions\/7554"}],"wp:attachment":[{"href":"https:\/\/hudinstitutet.com\/index.php?rest_route=%2Fwp%2Fv2%2Fmedia&parent=4284"}],"curies":[{"name":"wp","href":"https:\/\/api.w.org\/{rel}","templated":true}]}}