{"id":607,"date":"2009-11-10T11:35:52","date_gmt":"2009-11-10T10:35:52","guid":{"rendered":"http:\/\/hudinstitutet.com\/?page_id=607"},"modified":"2022-11-29T21:27:57","modified_gmt":"2022-11-29T20:27:57","slug":"boka-tid","status":"publish","type":"page","link":"https:\/\/hudinstitutet.com\/?page_id=607","title":{"rendered":"Boka Tid"},"content":{"rendered":"<p><!--themify_builder_static--><\/p>\n<h3 style=\"text-align: left;\">Tidsbokning &amp; kontaktuppgifter<\/h3>\n<p style=\"text-align: left;\">V\u00e4lkommen till v\u00e5r bokning online!<br \/> Sv\u00e5rt att hitta en tid som passar eller vill ni komma fler \u00e4n en samtidigt?<br \/> Alla v\u00e5ra behandlingar ligger inte tillg\u00e4ngliga och vi p\u00e5 plats har st\u00f6rre m\u00f6jlighet att ge dig din \u00f6nskade tid.<br \/> Kontakta oss g\u00e4rna enligt nedan.<br \/> Varmt V\u00e4lkommen!<\/p>\n<p><a href=\"https:\/\/bokadirekt.se\/portal\/hudinstitutet-malm\u00f6-city\/405\" rel=\"noopener\" target=\"_blank\" > <img decoding=\"async\" loading=\"lazy\" width=\"146\" height=\"41\" src=\"https:\/\/hudinstitutet.com\/wp-content\/upLoads\/294414595_758886458684621_3818880259922238304_n.jpg\" title=\"294414595_758886458684621_3818880259922238304_n\" alt=\"294414595_758886458684621_3818880259922238304_n\"> <\/a><\/p>\n<h3>Limhamn<\/h3>\n<p><iframe frameborder=\"0\" scrolling=\"no\" marginheight=\"0\" marginwidth=\"0\" src=\"https:\/\/maps.google.com\/maps?q=J%C3%A4rnv%C3%A4gsgatan+25+Limhamn+Sweden&amp;t=m&amp;z=7&amp;output=embed&amp;iwloc=near\"><\/iframe><\/p>\n<h3>Malm\u00f6 City<\/h3>\n<p><iframe frameborder=\"0\" scrolling=\"no\" marginheight=\"0\" marginwidth=\"0\" src=\"https:\/\/maps.google.com\/maps?q=Stora+Nygatan+30+Malm%C3%B6+Sweden&amp;t=m&amp;z=7&amp;output=embed&amp;iwloc=near\"><\/iframe><\/p>\n<p><strong>Salong Limhamn<\/strong><br \/>J\u00e4rnv\u00e4gsgatan 25<br \/>Tel. 040-36 74 54<\/p>\n<p>E-post\u00a0<a style=\"color: #000000;\" href=\"mailto:limhamn@hudinstitutet.com\">limhamn@hudinstitutet.com<\/a><\/p>\n<p>\u00d6ppettider:<br \/>M\u00e5ndag \u2013 Fredag : 10:00 \u2013 18:00<br \/>L\u00f6rdag : 10:00 \u2013 15:00<\/p>\n<p><strong>Salong City<\/strong><br \/>Stora Nygatan 30<br \/>Tel. 040-24 04 54<\/p>\n<p>E-post\u00a0<a style=\"color: #000000;\" href=\"mailto:city@hudinstitutet.com\">city@hudinstitutet.com<\/a><\/p>\n<p>\u00d6ppettider:<br \/>M\u00e5ndag \u2013 Fredag : 10:00 \u2013 18:00<br \/>L\u00f6rdag : 10:00 \u2013 15:00<\/p>\n<p><!--\/themify_builder_static--><\/p>\n","protected":false},"excerpt":{"rendered":"<p>Tidsbokning &amp; kontaktuppgifter V\u00e4lkommen till v\u00e5r bokning online! Sv\u00e5rt att hitta en tid som passar eller vill ni komma fler \u00e4n en samtidigt? Alla v\u00e5ra behandlingar ligger inte tillg\u00e4ngliga och vi p\u00e5 plats har st\u00f6rre m\u00f6jlighet att ge dig din \u00f6nskade tid. Kontakta oss g\u00e4rna enligt nedan. Varmt V\u00e4lkommen! Limhamn Malm\u00f6 City Salong LimhamnJ\u00e4rnv\u00e4gsgatan 25Tel. [&hellip;]<\/p>\n","protected":false},"author":1,"featured_media":0,"parent":0,"menu_order":12,"comment_status":"closed","ping_status":"open","template":"","meta":{"footnotes":"","_links_to":"","_links_to_target":""},"class_list":["post-607","page","type-page","status-publish","hentry","has-post-title","has-post-date","has-post-category","has-post-tag","has-post-comment","has-post-author",""],"_links":{"self":[{"href":"https:\/\/hudinstitutet.com\/index.php?rest_route=\/wp\/v2\/pages\/607","targetHints":{"allow":["GET"]}}],"collection":[{"href":"https:\/\/hudinstitutet.com\/index.php?rest_route=\/wp\/v2\/pages"}],"about":[{"href":"https:\/\/hudinstitutet.com\/index.php?rest_route=\/wp\/v2\/types\/page"}],"author":[{"embeddable":true,"href":"https:\/\/hudinstitutet.com\/index.php?rest_route=\/wp\/v2\/users\/1"}],"replies":[{"embeddable":true,"href":"https:\/\/hudinstitutet.com\/index.php?rest_route=%2Fwp%2Fv2%2Fcomments&post=607"}],"version-history":[{"count":2,"href":"https:\/\/hudinstitutet.com\/index.php?rest_route=\/wp\/v2\/pages\/607\/revisions"}],"predecessor-version":[{"id":6106,"href":"https:\/\/hudinstitutet.com\/index.php?rest_route=\/wp\/v2\/pages\/607\/revisions\/6106"}],"wp:attachment":[{"href":"https:\/\/hudinstitutet.com\/index.php?rest_route=%2Fwp%2Fv2%2Fmedia&parent=607"}],"curies":[{"name":"wp","href":"https:\/\/api.w.org\/{rel}","templated":true}]}}