{"id":973,"date":"2010-11-30T10:25:05","date_gmt":"2010-11-30T09:25:05","guid":{"rendered":"http:\/\/hudinstitutet.com\/?page_id=973"},"modified":"2022-11-10T22:18:03","modified_gmt":"2022-11-10T21:18:03","slug":"oronhaltagning","status":"publish","type":"page","link":"https:\/\/hudinstitutet.com\/?page_id=973","title":{"rendered":"\u00d6ronh\u00e5ltagning"},"content":{"rendered":"<p style=\"text-align: center;\"><img loading=\"lazy\" decoding=\"async\" class=\"alignnone size-full wp-image-977\" title=\"2k_instrument_at_ear_125px\" src=\"https:\/\/hudinstitutet.com\/wp-content\/upLoads\/2k_instrument_at_ear_125px.jpg\" alt=\"2k_instrument_at_ear_125px\" width=\"125\" height=\"100\" \/> <img loading=\"lazy\" decoding=\"async\" class=\"alignnone size-full wp-image-976\" title=\"2f_ear_with_earring_125px\" src=\"https:\/\/hudinstitutet.com\/wp-content\/upLoads\/2f_ear_with_earring_125px.jpg\" alt=\"2f_ear_with_earring_125px\" width=\"125\" height=\"100\" \/><\/p>\n<h2 style=\"text-align: center;\"><span style=\"color: #000000;\">B\u00e4sta l\u00e4kningen med <a style=\"color: #000000;\" name=\"B_sta_l_kningen\"><\/a>Blomdahl Medicals!<\/span><\/h2>\n<p style=\"text-align: center;\">H\u00e5ltagnings\u00f6rh\u00e4ngena i Blomdahl Medical Ear Piercing \u00e4r inte bara vackra smycken &#8211; de \u00e4r\u00a0ocks\u00e5 utformade f\u00f6r att h\u00e5let skall l\u00e4ka p\u00e5 b\u00e4sta s\u00e4tt. De skiljer sig fr\u00e5n &#8221;vanliga&#8221; \u00f6rh\u00e4ngen p\u00e5 f\u00f6ljande punkter:<br \/>\n&gt; Endast medicinska och hudv\u00e4nliga material anv\u00e4nds. D\u00e4rmed minimeras risken f\u00f6r allergiproblem.<br \/>\n&gt; De \u00e4r mycket sm\u00e5 och l\u00e4tta. Medical Plastic h\u00e5ltagnings\u00f6rh\u00e4ngen v\u00e4ger bara 1\/5 av de traditionella h\u00e5ltagnings\u00f6rh\u00e4ngena i st\u00e5l.<br \/>\n&gt; L\u00e5set sitter alltid l\u00e4ngst ut p\u00e5 \u00f6rh\u00e4nget. D\u00e4rmed kommer luft till det nytagna h\u00e5let, vilket \u00e4r viktigt f\u00f6r en bra l\u00e4kning.<br \/>\n&gt; L\u00e5set kapslar in \u00f6rh\u00e4ngets vassa spets s\u00e5 att inte spetsen irriterar eller skadar huden.<br \/>\n&gt; \u00d6rh\u00e4nget \u00e4r lite tjockare \u00e4n vanliga \u00f6rh\u00e4ngen. Det minskar risken f\u00f6r att det k\u00e4nsliga nytagna h\u00e5let skadas vid byte till andra \u00f6rh\u00e4ngen efter l\u00e4kningsperioden<\/p>\n<p style=\"text-align: center;\"><img loading=\"lazy\" decoding=\"async\" class=\"alignnone size-full wp-image-979\" title=\"19x131\" src=\"https:\/\/hudinstitutet.com\/wp-content\/upLoads\/19x131.jpg\" alt=\"19x131\" width=\"131\" height=\"131\" \/> <img loading=\"lazy\" decoding=\"async\" class=\"alignnone size-full wp-image-978\" title=\"18x131\" src=\"https:\/\/hudinstitutet.com\/wp-content\/upLoads\/18x131.jpg\" alt=\"18x131\" width=\"131\" height=\"131\" \/> <img decoding=\"async\" class=\"alignnone size-full wp-image-988\" title=\"untitled 4\" src=\"https:\/\/hudinstitutet.com\/wp-content\/upLoads\/untitled-41.bmp\" alt=\"untitled 4\" \/><\/p>\n<p style=\"text-align: center;\"><span style=\"color: #ff00ff;\"><span style=\"color: #000000;\">M\u00e5nga barn vill ha h\u00e5l i \u00f6ronen!<\/span><br \/>\n<\/span>Allt fler barn tar h\u00e5l i \u00f6ronen, och det sker i allt tidigare \u00e5ldrar. D\u00e4rf\u00f6r har Blomdahl Medical utvecklat produkter som \u00e4r speciellt l\u00e4mpliga f\u00f6r \u00f6ronh\u00e5ltagning p\u00e5 barn.<\/p>\n<p style=\"text-align: center;\"><img decoding=\"async\" class=\"alignnone size-full wp-image-986\" title=\"untitled 3\" src=\"https:\/\/hudinstitutet.com\/wp-content\/upLoads\/untitled-3.bmp\" alt=\"untitled 3\" \/><\/p>\n<div style=\"text-align: center;\"><span style=\"color: #ff00ff;\"><span style=\"color: #000000;\">Golden Medical Plastic &amp; Silver Medical Plastic<\/span>.<\/span><\/div>\n<div><span style=\"color: #ff00ff;\"><span style=\"color: #000000;\">Golden Medical Plastic \u00e4r f\u00f6rgyllda med 24K guld,medan Silver Medical Plastic \u00e4r ytbelagda med den exklusiva \u00e4delmetallen r<\/span><span style=\"color: #000000;\">odium. F\u00f6rgyllningen\/rodieringen t\u00e4cker bara den synliga delen, d v s den del av \u00f6rh\u00e4nget som inte ligger \u00e4n mot \u00f6rat.<br \/>\nDet \u00e4r bara den hudv\u00e4nliga, rena medicinska plasten som kommer i kontakt med \u00f6rat.<\/span><\/span><\/div>\n<div><span style=\"color: #ffffff;\">:<\/span><\/div>\n<div style=\"text-align: center;\"><strong><span style=\"color: #ff00ff;\"><span style=\"color: #000000;\">Pris:<br \/>\n1 h\u00e5l 300 :-<br \/>\n2 h\u00e5l 450 :-<\/span><\/span><\/strong><\/div>\n<div><\/div>\n<div><\/div>\n<div style=\"text-align: center;\"><strong>Obs! \u00d6nskas att 2 h\u00e5l tas samtidigt m\u00e5ste detta meddelas vid bokningen och sker ej automatiskt vid e-bokning.<\/strong><\/div>\n","protected":false},"excerpt":{"rendered":"<p>B\u00e4sta l\u00e4kningen med Blomdahl Medicals! H\u00e5ltagnings\u00f6rh\u00e4ngena i Blomdahl Medical Ear Piercing \u00e4r inte bara vackra smycken &#8211; de \u00e4r\u00a0ocks\u00e5 utformade f\u00f6r att h\u00e5let skall l\u00e4ka p\u00e5 b\u00e4sta s\u00e4tt. De skiljer sig fr\u00e5n &#8221;vanliga&#8221; \u00f6rh\u00e4ngen p\u00e5 f\u00f6ljande punkter: &gt; Endast medicinska och hudv\u00e4nliga material anv\u00e4nds. D\u00e4rmed minimeras risken f\u00f6r allergiproblem. &gt; De \u00e4r mycket sm\u00e5 och [&hellip;]<\/p>\n","protected":false},"author":2,"featured_media":0,"parent":192,"menu_order":0,"comment_status":"closed","ping_status":"open","template":"","meta":{"footnotes":"","_links_to":"","_links_to_target":""},"class_list":["post-973","page","type-page","status-publish","hentry","has-post-title","has-post-date","has-post-category","has-post-tag","has-post-comment","has-post-author",""],"_links":{"self":[{"href":"https:\/\/hudinstitutet.com\/index.php?rest_route=\/wp\/v2\/pages\/973","targetHints":{"allow":["GET"]}}],"collection":[{"href":"https:\/\/hudinstitutet.com\/index.php?rest_route=\/wp\/v2\/pages"}],"about":[{"href":"https:\/\/hudinstitutet.com\/index.php?rest_route=\/wp\/v2\/types\/page"}],"author":[{"embeddable":true,"href":"https:\/\/hudinstitutet.com\/index.php?rest_route=\/wp\/v2\/users\/2"}],"replies":[{"embeddable":true,"href":"https:\/\/hudinstitutet.com\/index.php?rest_route=%2Fwp%2Fv2%2Fcomments&post=973"}],"version-history":[{"count":0,"href":"https:\/\/hudinstitutet.com\/index.php?rest_route=\/wp\/v2\/pages\/973\/revisions"}],"up":[{"embeddable":true,"href":"https:\/\/hudinstitutet.com\/index.php?rest_route=\/wp\/v2\/pages\/192"}],"wp:attachment":[{"href":"https:\/\/hudinstitutet.com\/index.php?rest_route=%2Fwp%2Fv2%2Fmedia&parent=973"}],"curies":[{"name":"wp","href":"https:\/\/api.w.org\/{rel}","templated":true}]}}