{"id":6156,"date":"2022-12-11T17:11:25","date_gmt":"2022-12-11T16:11:25","guid":{"rendered":"https:\/\/hudinstitutet.com\/?post_type=product&#038;p=6156"},"modified":"2022-12-12T00:19:15","modified_gmt":"2022-12-11T23:19:15","slug":"presentkort-sant-via-post-inkl-inslagspase","status":"publish","type":"product","link":"https:\/\/hudinstitutet.com\/?product=presentkort-sant-via-post-inkl-inslagspase","title":{"rendered":"Skicka via post inkl. inslagsp\u00e5se"},"content":{"rendered":"","protected":false},"excerpt":{"rendered":"<h2><img loading=\"lazy\" decoding=\"async\" class=\"size-thumbnail wp-image-5771 aligncenter\" src=\"https:\/\/hudinstitutet.com\/wp-content\/upLoads\/1957993-1-150x150.jpg\" alt=\"\" width=\"150\" height=\"150\" srcset=\"https:\/\/hudinstitutet.com\/wp-content\/upLoads\/1957993-1-150x150.jpg 150w, https:\/\/hudinstitutet.com\/wp-content\/upLoads\/1957993-1-300x300.jpg 300w, https:\/\/hudinstitutet.com\/wp-content\/upLoads\/1957993-1-100x100.jpg 100w, https:\/\/hudinstitutet.com\/wp-content\/upLoads\/1957993-1-1024x683-600x600.jpg 600w\" sizes=\"auto, (max-width: 150px) 100vw, 150px\" \/> Skicka via post inkl. inslagsp\u00e5se<\/h2>\n<p>Tillk\u00f6p till presentkort!<br \/>\nV\u00e4lj att f\u00e5 presentkortet skickat via post till mottagaren i en fin inslagsp\u00e5se<\/p>\n","protected":false},"featured_media":5771,"template":"","meta":{"_links_to":"","_links_to_target":""},"product_brand":[],"product_cat":[55],"product_tag":[],"class_list":{"0":"post-6156","1":"product","2":"type-product","3":"status-publish","4":"has-post-thumbnail","6":"product_cat-frakt","7":false,"9":"has-post-title","10":"has-post-date","11":"has-post-category","12":"has-post-tag","13":"has-post-comment","14":"has-post-author","17":"first","18":"instock","19":"downloadable","20":"virtual","21":"purchasable","22":"product-type-simple"},"_links":{"self":[{"href":"https:\/\/hudinstitutet.com\/index.php?rest_route=\/wp\/v2\/product\/6156","targetHints":{"allow":["GET"]}}],"collection":[{"href":"https:\/\/hudinstitutet.com\/index.php?rest_route=\/wp\/v2\/product"}],"about":[{"href":"https:\/\/hudinstitutet.com\/index.php?rest_route=\/wp\/v2\/types\/product"}],"wp:featuredmedia":[{"embeddable":true,"href":"https:\/\/hudinstitutet.com\/index.php?rest_route=\/wp\/v2\/media\/5771"}],"wp:attachment":[{"href":"https:\/\/hudinstitutet.com\/index.php?rest_route=%2Fwp%2Fv2%2Fmedia&parent=6156"}],"wp:term":[{"taxonomy":"product_brand","embeddable":true,"href":"https:\/\/hudinstitutet.com\/index.php?rest_route=%2Fwp%2Fv2%2Fproduct_brand&post=6156"},{"taxonomy":"product_cat","embeddable":true,"href":"https:\/\/hudinstitutet.com\/index.php?rest_route=%2Fwp%2Fv2%2Fproduct_cat&post=6156"},{"taxonomy":"product_tag","embeddable":true,"href":"https:\/\/hudinstitutet.com\/index.php?rest_route=%2Fwp%2Fv2%2Fproduct_tag&post=6156"}],"curies":[{"name":"wp","href":"https:\/\/api.w.org\/{rel}","templated":true}]}}