{"id":6175,"date":"2022-12-11T22:52:54","date_gmt":"2022-12-11T21:52:54","guid":{"rendered":"https:\/\/hudinstitutet.com\/?post_type=product&#038;p=6175"},"modified":"2025-11-22T14:32:08","modified_gmt":"2025-11-22T13:32:08","slug":"presentkort-1","status":"publish","type":"product","link":"https:\/\/hudinstitutet.com\/?product=presentkort-1","title":{"rendered":"Presentkort"},"content":{"rendered":"<p><!--themify_builder_static--><!--\/themify_builder_static--><\/p>\n","protected":false},"excerpt":{"rendered":"<p style=\"text-align: left;\" data-wp-editing=\"1\">Efter k\u00f6p erh\u00e5ller du l\u00e4nk f\u00f6r PDF utskrift och en presentkortskod via e-post, koden m\u00e5ste uppges vid inl\u00f6sen.<br \/>\nVi erbjuder presentkort i olika v\u00e4rdebelopp, det g\u00e5r \u00e4ven bra att l\u00e4gga order av produkten ytterligare g\u00e5nger f\u00f6r att \u00f6ka ut presentkortets v\u00e4rde. Du kan d\u00e5 ladda hem ett blankt presentkort via l\u00e4nken nedan och ange belopp.<br \/>\nAlla presentkort \u00e4r giltiga 1 \u00e5r fr\u00e5n utf\u00e4rdat datum och g\u00e4ller p\u00e5 b\u00e5da v\u00e5ra salonger.<br \/>\nAlla erbjudanden g\u00e5r att k\u00f6pa som presentkort med samma giltighetstid. Om mottagaren \u00f6nskar \u00e4ndra sin behandling g\u00e4ller det v\u00e4rde som presentkortet \u00e4r ink\u00f6pt f\u00f6r.<br \/>\nAll presentkortshantering digitalt sker via Limhamnssalongen, vid fr\u00e5gor ring 040-36 74 54<br \/>\n<a href=\"https:\/\/hudinstitutet.com\/wp-content\/upLoads\/presentkort.pdf\" target=\"_blank\" rel=\"noopener\">Ladda hem ett blankt presentkort<\/a><\/p>\n<p><!--themify_builder_static--><\/p>\n<h3>Tillk\u00f6p<\/h3>\n<ul data-lazy=\"1\">\n<li>\n<h3> <a href=\"https:\/\/hudinstitutet.com\/?product=presentkort-sant-via-post-inkl-inslagspase\" title=\"Skicka via post inkl. inslagsp\u00e5se\"> Skicka via post inkl. inslagsp\u00e5se <\/a><\/h3>\n<p><bdi>&#107;&#114;50.00<\/bdi><a href=\"?add-to-cart=6156\" data-quantity=\"1\" data-product_id=\"6156\" data-product_sku=\"HI20221121104\" aria-label=\"Add to cart: &ldquo;Skicka via post inkl. inslagsp\u00e5se&rdquo;\" aria-describedby=\"\" rel=\"nofollow\">L\u00e4gg till i varukorg<\/a><\/li>\n<\/ul>\n<p><!--\/themify_builder_static--><\/p>\n","protected":false},"featured_media":7670,"template":"","meta":{"_links_to":"","_links_to_target":""},"product_brand":[],"product_cat":[53],"product_tag":[],"class_list":{"0":"post-6175","1":"product","2":"type-product","3":"status-publish","4":"has-post-thumbnail","6":"product_cat-presentkort-shop","7":false,"9":"has-post-title","10":"has-post-date","11":"has-post-category","12":"has-post-tag","13":"has-post-comment","14":"has-post-author","17":"first","18":"instock","19":"shipping-taxable","20":"purchasable","21":"product-type-variable"},"_links":{"self":[{"href":"https:\/\/hudinstitutet.com\/index.php?rest_route=\/wp\/v2\/product\/6175","targetHints":{"allow":["GET"]}}],"collection":[{"href":"https:\/\/hudinstitutet.com\/index.php?rest_route=\/wp\/v2\/product"}],"about":[{"href":"https:\/\/hudinstitutet.com\/index.php?rest_route=\/wp\/v2\/types\/product"}],"wp:featuredmedia":[{"embeddable":true,"href":"https:\/\/hudinstitutet.com\/index.php?rest_route=\/wp\/v2\/media\/7670"}],"wp:attachment":[{"href":"https:\/\/hudinstitutet.com\/index.php?rest_route=%2Fwp%2Fv2%2Fmedia&parent=6175"}],"wp:term":[{"taxonomy":"product_brand","embeddable":true,"href":"https:\/\/hudinstitutet.com\/index.php?rest_route=%2Fwp%2Fv2%2Fproduct_brand&post=6175"},{"taxonomy":"product_cat","embeddable":true,"href":"https:\/\/hudinstitutet.com\/index.php?rest_route=%2Fwp%2Fv2%2Fproduct_cat&post=6175"},{"taxonomy":"product_tag","embeddable":true,"href":"https:\/\/hudinstitutet.com\/index.php?rest_route=%2Fwp%2Fv2%2Fproduct_tag&post=6175"}],"curies":[{"name":"wp","href":"https:\/\/api.w.org\/{rel}","templated":true}]}}